{"id":61,"date":"2023-08-03T08:35:41","date_gmt":"2023-08-03T08:35:41","guid":{"rendered":"https:\/\/semjonsemjon.com\/?page_id=61"},"modified":"2025-01-28T13:26:11","modified_gmt":"2025-01-28T13:26:11","slug":"aktuell","status":"publish","type":"page","link":"https:\/\/semjonsemjon.com\/index.php\/aktuell\/","title":{"rendered":"Aktuell"},"content":{"rendered":"[et_pb_section fb_built=&#8220;1&#8243; _builder_version=&#8220;4.25.2&#8243; global_colors_info=&#8220;{}&#8220;][et_pb_row _builder_version=&#8220;4.22.0&#8243; background_size=&#8220;initial&#8220; background_position=&#8220;top_left&#8220; background_repeat=&#8220;repeat&#8220; global_colors_info=&#8220;{}&#8220;][et_pb_column type=&#8220;4_4&#8243; _builder_version=&#8220;4.16&#8243; custom_padding=&#8220;|||&#8220; global_colors_info=&#8220;{}&#8220; custom_padding__hover=&#8220;|||&#8220;][et_pb_text _builder_version=&#8220;4.25.2&#8243; background_size=&#8220;initial&#8220; background_position=&#8220;top_left&#8220; background_repeat=&#8220;repeat&#8220; hover_enabled=&#8220;0&#8243; global_colors_info=&#8220;{}&#8220; sticky_enabled=&#8220;0&#8243;]<p>Transitorische Phasen k\u00f6nnen viel Zeit in Anspruch nehmen. In dieser befindet sich der K\u00fcnstler Semjon H. N. Semjon, der seit 2011 seine Galerie Semjon Contemporary betreibt.<br \/>Bewusst hatte er sich seit der Galeriegr\u00fcndung in ein mehrj\u00e4hriges Sabbatical begeben, das allerdings l\u00e4nger w\u00e4hrte, als er sich 2011 hat vorstellen k\u00f6nnen.<\/p>\n<p>Erst mit der K\u00fcndigung der Galerier\u00e4ume zum Ende des Jahres 2021, musste Semjon eine Entscheidung f\u00e4llen: Um seine Galerie aber auch sein Gesamtkunstwerk <em>KioskShop berlin (KSb)<\/em> zu retten, plante der K\u00fcnstler im Sabbatical, sein Gesamtkunstwerk wieder der \u00d6ffentlichkeit zug\u00e4nglich zu machen, um zu zeigen, was durch den erzwungenen Auszug zerst\u00f6rt werden w\u00fcrde. Die K\u00fcndigung bewirkte, dass es f\u00fcr Semjon zu seinem \u00f6ffentlichen c<em>oming out<\/em> als K\u00fcnstler kam. Viele Feunde und Sammler der Galerie wussten nichts von dem Vorleben Semjons. Sein KioskShop wurde zum Faustpfand f\u00fcr die Rettung, denn der Besitzer des Hauses ist \u00a0ein gro\u00dfer und bekannter Kunstsammler und M\u00e4zen. Die Konfrontation mit der \u00f6ffentlichen Aussage der unausweichlichen Zerst\u00f6rung seines Gesamtkunstwerkes durch den Kunstfreund veranlasste diesen, in letzter Minute die K\u00fcndigung r\u00fcckg\u00e4ngig zu machen. Es passt einfach nicht zusammen, dass ein Kunstfreund der Zerst\u00f6rer eines einmaligen (Gesamt-)Kunstwerkes sein w\u00fcrde.<\/p>\n<p>Nun gilt es, die eigenen Belange als K\u00fcnstler langsam, aber sicher anzugehen, ohne allerdings seiner Galerie zu schaden. Ein nicht leichtes Unterfangen. Dazu geh\u00f6rt das Aufarbeiten seines eigenen Werkk\u00f6rpers und die Kommunikation dazu, z.B. durch die eigene Homepage, die zugelich eine Archivfunktion \u00fcbernehmen sollte.<\/p>\n<p>Semjon erster \u00f6ffentlicher Auftritt als K\u00fcnstler geschah gleich zu Beginn seines Kunststudium 1987 in Berlin, war allerdings ein Jahr zuvor vorbereitet worden: Mit <em>Sisyphos \u2013 eine kinetische Performance<\/em>\u00a0am Schleusenwehr im Tiergarten Berlin erhielt er zugleich auch seine erste Pressekritik (eine halbe Seite!) in der Sonderausgabe des Tagesspiegel zur 750-Jahrfeier der Stadt Berlin.<\/p>\n<p>Noch vor seinem Meistersch\u00fclerjahr 1993\/1994 in der Klasse Georg Baselitz hatte der K\u00fcnstler schon diverse Ausstellungen in Deutschland und New York, wo er von 1991-1994 und sp\u00e4ter 1999\/2000 schwerpunktm\u00e4\u00dfig lebte.<br \/>Zahlreiche Ausstellungen und Messeauftritte\u00a0im In- und Ausland \u00a0folgten einschlie\u00dflich seiner international beachteten Installation auf Dauer <em>KioskShop berlin (KSb<\/em>), die er im November 2000, gleich nach seiner R\u00fcckkehr aus New York, begann. 2011 kam es zur selbstgew\u00e4hlten Z\u00e4sur seiner k\u00fcnstlerischen T\u00e4tigeit durch die Galeriegr\u00fcndung. 2012 hat Semjon in seiner Ausstellung <em>Es geschah \u00fcbermorgen<\/em> im Verwaltunsggericht Weimar diese Z\u00e4sur mit der Ausstellung und in seinem Text in dem begleitenden Katlogbooklet reflektiert.<\/p>\n<div>\n<p>Allein das gelegentliche Zeichnen und Fotografieren w\u00fcrde ihn weiterhin mit dem k\u00fcnstlerischen Schaffen verbinden. Dies geschah regelm\u00e4\u00dfig zumeist in der Winterpause im Neuen Jahr. Das Schaffen seiner Wax Paintings und Skulpturen\/Objekte hingegen ruhte vollends bis auf wenige Ausnahmen.<\/p>\n<\/div>\n<p><\/p>[\/et_pb_text][\/et_pb_column][\/et_pb_row][\/et_pb_section]","protected":false},"excerpt":{"rendered":"<p>Transitorische Phasen k\u00f6nnen viel Zeit in Anspruch nehmen. In dieser befindet sich der K\u00fcnstler Semjon H. N. Semjon, der seit 2011 seine Galerie Semjon Contemporary betreibt.Bewusst hatte er sich seit der Galeriegr\u00fcndung in ein mehrj\u00e4hriges Sabbatical begeben, das allerdings l\u00e4nger w\u00e4hrte, als er sich 2011 hat vorstellen k\u00f6nnen. Erst mit der K\u00fcndigung der Galerier\u00e4ume zum [&hellip;]<\/p>\n","protected":false},"author":1,"featured_media":0,"parent":0,"menu_order":2,"comment_status":"closed","ping_status":"closed","template":"","meta":{"_et_pb_use_builder":"on","_et_pb_old_content":"<p>\u00a0<\/p>\r\n<!-- wp:divi\/placeholder \/-->","_et_gb_content_width":"","footnotes":""},"class_list":["post-61","page","type-page","status-publish","hentry"],"_links":{"self":[{"href":"https:\/\/semjonsemjon.com\/index.php\/wp-json\/wp\/v2\/pages\/61","targetHints":{"allow":["GET"]}}],"collection":[{"href":"https:\/\/semjonsemjon.com\/index.php\/wp-json\/wp\/v2\/pages"}],"about":[{"href":"https:\/\/semjonsemjon.com\/index.php\/wp-json\/wp\/v2\/types\/page"}],"author":[{"embeddable":true,"href":"https:\/\/semjonsemjon.com\/index.php\/wp-json\/wp\/v2\/users\/1"}],"replies":[{"embeddable":true,"href":"https:\/\/semjonsemjon.com\/index.php\/wp-json\/wp\/v2\/comments?post=61"}],"version-history":[{"count":14,"href":"https:\/\/semjonsemjon.com\/index.php\/wp-json\/wp\/v2\/pages\/61\/revisions"}],"predecessor-version":[{"id":238,"href":"https:\/\/semjonsemjon.com\/index.php\/wp-json\/wp\/v2\/pages\/61\/revisions\/238"}],"wp:attachment":[{"href":"https:\/\/semjonsemjon.com\/index.php\/wp-json\/wp\/v2\/media?parent=61"}],"curies":[{"name":"wp","href":"https:\/\/api.w.org\/{rel}","templated":true}]}}